{"id":64,"date":"2018-05-27T14:20:32","date_gmt":"2018-05-27T14:20:32","guid":{"rendered":"http:\/\/calatrini.cat\/?page_id=64"},"modified":"2018-10-26T21:52:21","modified_gmt":"2018-10-26T21:52:21","slug":"como-llegar","status":"publish","type":"page","link":"https:\/\/calatrini.cat\/index.php\/como-llegar\/","title":{"rendered":"[:ca]Com arribar[:es]Como llegar[:en]How to get[:]"},"content":{"rendered":"<p>[:ca]El m\u00e9s f\u00e0cil \u00e9s utilitzar Google Maps:<\/p>\n<p><iframe loading=\"lazy\" style=\"border: 0;\" src=\"https:\/\/www.google.com\/maps\/embed?pb=!1m18!1m12!1m3!1d2993.34354854858!2d1.567295950843!3d41.3883449791623!2m3!1f0!2f0!3f0!3m2!1i1024!2i768!4f13.1!3m3!1m2!1s0x12a4731dcd8086b3%3A0x26a5b42c7f6c432c!2sTurisme+Rural+Ca+La+Trini!5e0!3m2!1sca!2ses!4v1540590508163\" width=\"600\" height=\"450\" frameborder=\"0\" allowfullscreen=\"allowfullscreen\"><\/iframe><\/p>\n<p>Tamb\u00e9 pots visitar la web de l&#8217;Ajuntament per arribar a Torrelles de Foix: http:\/\/torrellesdefoix.cat\/municipi\/#comarribarhi<\/p>\n<p>Una vegada hagis arribat a Torrelles, ves cap al casc antic i segueix les indicacions.[:es]Lo m\u00e1s f\u00e1cil es utilizar Google Maps:<\/p>\n<p><iframe loading=\"lazy\" style=\"border: 0;\" src=\"https:\/\/www.google.com\/maps\/embed?pb=!1m18!1m12!1m3!1d2993.34354854858!2d1.567295950843!3d41.3883449791623!2m3!1f0!2f0!3f0!3m2!1i1024!2i768!4f13.1!3m3!1m2!1s0x12a4731dcd8086b3%3A0x26a5b42c7f6c432c!2sTurisme+Rural+Ca+La+Trini!5e0!3m2!1sca!2ses!4v1540590508163\" width=\"600\" height=\"450\" frameborder=\"0\" allowfullscreen=\"allowfullscreen\" data-mce-fragment=\"1\"><\/iframe><\/p>\n<p>Tambi\u00e9n puedes visitar la web del municipio para llegar a Torrelles de Foix: http:\/\/torrellesdefoix.cat\/municipi\/#comarribarhi<\/p>\n<p>Una vez hayas llegado al pueblo, ve hacia el casco antiguo y sigue las indicaciones.[:en]You can use Google Maps:<\/p>\n<p><iframe loading=\"lazy\" style=\"border: 0;\" src=\"https:\/\/www.google.com\/maps\/embed?pb=!1m18!1m12!1m3!1d2993.34354854858!2d1.567295950843!3d41.3883449791623!2m3!1f0!2f0!3f0!3m2!1i1024!2i768!4f13.1!3m3!1m2!1s0x12a4731dcd8086b3%3A0x26a5b42c7f6c432c!2sTurisme+Rural+Ca+La+Trini!5e0!3m2!1sca!2ses!4v1540590508163\" width=\"600\" height=\"450\" frameborder=\"0\" allowfullscreen=\"allowfullscreen\" data-mce-fragment=\"1\"><\/iframe><\/p>\n<p>You can also reach Torrelles de Foix having a look at the official website: http:\/\/torrellesdefoix.cat\/municipi\/#comarribarhi<\/p>\n<p>Once you have reached Torrelles, go to the historical center and follow the directions.[:]<\/p>\n","protected":false},"excerpt":{"rendered":"<p>[:ca]El m\u00e9s f\u00e0cil \u00e9s utilitzar Google Maps: Tamb\u00e9 pots visitar la web de l&#8217;Ajuntament per arribar a Torrelles de Foix: http:\/\/torrellesdefoix.cat\/municipi\/#comarribarhi Una vegada hagis arribat a Torrelles, ves cap al casc antic i segueix les indicacions.[:es]Lo m\u00e1s f\u00e1cil es utilizar Google Maps: Tambi\u00e9n puedes visitar la web del municipio para llegar a Torrelles de Foix: [&hellip;]<\/p>\n","protected":false},"author":2,"featured_media":0,"parent":0,"menu_order":0,"comment_status":"closed","ping_status":"closed","template":"","meta":{"footnotes":""},"_links":{"self":[{"href":"https:\/\/calatrini.cat\/index.php\/wp-json\/wp\/v2\/pages\/64"}],"collection":[{"href":"https:\/\/calatrini.cat\/index.php\/wp-json\/wp\/v2\/pages"}],"about":[{"href":"https:\/\/calatrini.cat\/index.php\/wp-json\/wp\/v2\/types\/page"}],"author":[{"embeddable":true,"href":"https:\/\/calatrini.cat\/index.php\/wp-json\/wp\/v2\/users\/2"}],"replies":[{"embeddable":true,"href":"https:\/\/calatrini.cat\/index.php\/wp-json\/wp\/v2\/comments?post=64"}],"version-history":[{"count":8,"href":"https:\/\/calatrini.cat\/index.php\/wp-json\/wp\/v2\/pages\/64\/revisions"}],"predecessor-version":[{"id":296,"href":"https:\/\/calatrini.cat\/index.php\/wp-json\/wp\/v2\/pages\/64\/revisions\/296"}],"wp:attachment":[{"href":"https:\/\/calatrini.cat\/index.php\/wp-json\/wp\/v2\/media?parent=64"}],"curies":[{"name":"wp","href":"https:\/\/api.w.org\/{rel}","templated":true}]}}