{"id":61,"date":"2018-05-27T14:17:16","date_gmt":"2018-05-27T14:17:16","guid":{"rendered":"http:\/\/calatrini.cat\/?page_id=61"},"modified":"2018-09-02T15:59:09","modified_gmt":"2018-09-02T15:59:09","slug":"servicios-y-precios","status":"publish","type":"page","link":"https:\/\/calatrini.cat\/index.php\/servicios-y-precios\/","title":{"rendered":"[:ca]Serveis i preus[:es]Servicios y Precios[:en]Services and Prices[:]"},"content":{"rendered":"<p>[:ca]Dormir, enoturisme, visites a granges, etc. Demani&#8217;ns informaci\u00f3 i li explicarem tot el que oferim![:es]Dormir, enoturismo, visitas a granjas, etc. P\u00eddanos informaci\u00f3n y le explicaremos todo lo que ofrecemos![:en]Sleeping, wine tourism, farm visits, etc. Ask us for information and we will explain you all our services![:]<\/p>\n","protected":false},"excerpt":{"rendered":"<p>[:ca]Dormir, enoturisme, visites a granges, etc. Demani&#8217;ns informaci\u00f3 i li explicarem tot el que oferim![:es]Dormir, enoturismo, visitas a granjas, etc. P\u00eddanos informaci\u00f3n y le explicaremos todo lo que ofrecemos![:en]Sleeping, wine tourism, farm visits, etc. Ask us for information and we will explain you all our services![:]<\/p>\n","protected":false},"author":2,"featured_media":0,"parent":0,"menu_order":0,"comment_status":"closed","ping_status":"closed","template":"","meta":{"footnotes":""},"_links":{"self":[{"href":"https:\/\/calatrini.cat\/index.php\/wp-json\/wp\/v2\/pages\/61"}],"collection":[{"href":"https:\/\/calatrini.cat\/index.php\/wp-json\/wp\/v2\/pages"}],"about":[{"href":"https:\/\/calatrini.cat\/index.php\/wp-json\/wp\/v2\/types\/page"}],"author":[{"embeddable":true,"href":"https:\/\/calatrini.cat\/index.php\/wp-json\/wp\/v2\/users\/2"}],"replies":[{"embeddable":true,"href":"https:\/\/calatrini.cat\/index.php\/wp-json\/wp\/v2\/comments?post=61"}],"version-history":[{"count":2,"href":"https:\/\/calatrini.cat\/index.php\/wp-json\/wp\/v2\/pages\/61\/revisions"}],"predecessor-version":[{"id":170,"href":"https:\/\/calatrini.cat\/index.php\/wp-json\/wp\/v2\/pages\/61\/revisions\/170"}],"wp:attachment":[{"href":"https:\/\/calatrini.cat\/index.php\/wp-json\/wp\/v2\/media?parent=61"}],"curies":[{"name":"wp","href":"https:\/\/api.w.org\/{rel}","templated":true}]}}