{"id":55,"date":"2018-05-27T14:11:10","date_gmt":"2018-05-27T14:11:10","guid":{"rendered":"http:\/\/calatrini.cat\/?page_id=55"},"modified":"2024-03-02T17:54:01","modified_gmt":"2024-03-02T17:54:01","slug":"el-entorno","status":"publish","type":"page","link":"https:\/\/calatrini.cat\/index.php\/el-entorno\/","title":{"rendered":"[:ca]Tour virtual[:es]Tour virtual[:en]Virtual tour[:]"},"content":{"rendered":"<p>[:ca] Descobreix Ca La Trini des del sof\u00e0 amb el tour virtual (actualment els exteriors s\u00f3n molt m\u00e9s xulos! Fes un cop d&#8217;ull a les fotos!):<\/p>\n<p>[:es] Descubre Ca La Trini desde el sof\u00e1 con el tour virtual (actualmente los exteriores son mucho m\u00e1s chulos! \u00c9chales un vistazo en las fotos!):<\/p>\n<p>[:en] Discover Ca La Trini from the sofa with our virtual tour (open-air spaces are now awesome! Take a look in the pictures section:<\/p>\n<p>[:]<\/p>\n<p><iframe loading=\"lazy\" style=\"border: 0;\" src=\"https:\/\/www.google.com\/maps\/embed?pb=!4v1621611383170!6m8!1m7!1sCAoSLEFGMVFpcE9Sa2xTNGE5ZTdfelJXU0c1QVE0Y3kzZzQ1S3kwbkVTUF9sTFNm!2m2!1d41.38815301!2d1.56926662!3f211.385010469494!4f-1.9374705833089365!5f0.4000000000000002\" width=\"600\" height=\"450\" allowfullscreen=\"allowfullscreen\"><\/iframe><\/p>\n","protected":false},"excerpt":{"rendered":"<p>[:ca] Descobreix Ca La Trini des del sof\u00e0 amb el tour virtual (actualment els exteriors s\u00f3n molt m\u00e9s xulos! Fes un cop d&#8217;ull a les fotos!): [:es] Descubre Ca La Trini desde el sof\u00e1 con el tour virtual (actualmente los exteriores son mucho m\u00e1s chulos! \u00c9chales un vistazo en las fotos!): [:en] Discover Ca La [&hellip;]<\/p>\n","protected":false},"author":2,"featured_media":0,"parent":0,"menu_order":0,"comment_status":"closed","ping_status":"closed","template":"","meta":{"footnotes":""},"_links":{"self":[{"href":"https:\/\/calatrini.cat\/index.php\/wp-json\/wp\/v2\/pages\/55"}],"collection":[{"href":"https:\/\/calatrini.cat\/index.php\/wp-json\/wp\/v2\/pages"}],"about":[{"href":"https:\/\/calatrini.cat\/index.php\/wp-json\/wp\/v2\/types\/page"}],"author":[{"embeddable":true,"href":"https:\/\/calatrini.cat\/index.php\/wp-json\/wp\/v2\/users\/2"}],"replies":[{"embeddable":true,"href":"https:\/\/calatrini.cat\/index.php\/wp-json\/wp\/v2\/comments?post=55"}],"version-history":[{"count":33,"href":"https:\/\/calatrini.cat\/index.php\/wp-json\/wp\/v2\/pages\/55\/revisions"}],"predecessor-version":[{"id":370,"href":"https:\/\/calatrini.cat\/index.php\/wp-json\/wp\/v2\/pages\/55\/revisions\/370"}],"wp:attachment":[{"href":"https:\/\/calatrini.cat\/index.php\/wp-json\/wp\/v2\/media?parent=55"}],"curies":[{"name":"wp","href":"https:\/\/api.w.org\/{rel}","templated":true}]}}