{"id":2,"date":"2018-05-01T20:28:04","date_gmt":"2018-05-01T20:28:04","guid":{"rendered":"https:\/\/calatrini.cat\/?page_id=2"},"modified":"2024-03-31T17:24:25","modified_gmt":"2024-03-31T17:24:25","slug":"sample-page","status":"publish","type":"page","link":"https:\/\/calatrini.cat\/","title":{"rendered":"Ca La Trini"},"content":{"rendered":"<p>[:ca]<\/p>\n<p style=\"text-align: left;\">Benvingut a Ca La Trini &#8211; Turisme Rural!<\/p>\n<hr \/>\n<p><strong>WiFi pels nostres clients: Connexi\u00f3 a internet (WiFi) de 300Mbps gratu\u00efta!<\/strong><\/p>\n<hr \/>\n<p style=\"text-align: left;\">Vine a desconnectar i relaxa&#8217;t a les vinyes del Pened\u00e8s!<\/p>\n<p><strong>A Ca La Trini tenim clar que els nostres clients mereixen gaudir de la nostra casa rural en exclusiva i en perfectes condicions higi\u00e8niques. \u00c9s per aix\u00f2 que no s&#8217;admet reservar nom\u00e9s una part de l&#8217;espai i no \u00e9s possible compartir cap estan\u00e7a amb altres clients.<\/strong><\/p>\n<p><strong>Des del principi sempre hem donat molta import\u00e0ncia a la neteja i ara, m\u00e9s que mai, hem extremat les mesures higi\u00e8niques amb desinfectants hidroalcoh\u00f2lics higienitzants per a superf\u00edcies i deixant ventilar durant un m\u00ednim de 48h la casa entre la sortida d&#8217;uns clients i l&#8217;entrada dels propers.<\/strong><\/p>\n<p><strong>Volem transmetre la m\u00e0xima tranquil\u00b7litat als nostres clients i deixar clar que en cap cas es pot reservar la casa si no han passat 48h des de la sortida dels clients anteriors.<\/strong><\/p>\n<p><strong>Cuidem-nos!<\/strong><\/p>\n<p style=\"text-align: left;\">Ca La Trini es va construir fa m\u00e9s de 125 anys i es va comen\u00e7ar a reformar a mitjans de 2017. Est\u00e0 situada al bell mig del casc antic de Torrelles de Foix, un petit municipi de l&#8217;Alt Pened\u00e8s situat a la vall del Foix, a 10 minuts de Vilafranca del Pened\u00e8s, que t\u00e9 un munt de llocs d&#8217;inter\u00e8s tur\u00edstic a pocs minuts en cotxe: El Santuari de Santa Maria de Foix a 10 minuts, les platges de Vilanova i Sitges\u00a0a 20 minuts, Port Aventura a 45 minuts, Montserrat a 45 minuts, i tant Barcelona com Tarragona a 50 minuts.<\/p>\n<p style=\"text-align: left;\"><img loading=\"lazy\" decoding=\"async\" class=\"alignnone size-medium wp-image-117\" src=\"https:\/\/calatrini.cat\/wp-content\/uploads\/2018\/05\/calatrini-menjador-entrada-300x225.jpg\" alt=\"\" width=\"300\" height=\"225\" srcset=\"https:\/\/calatrini.cat\/wp-content\/uploads\/2018\/05\/calatrini-menjador-entrada-300x225.jpg 300w, https:\/\/calatrini.cat\/wp-content\/uploads\/2018\/05\/calatrini-menjador-entrada-768x576.jpg 768w, https:\/\/calatrini.cat\/wp-content\/uploads\/2018\/05\/calatrini-menjador-entrada-1024x768.jpg 1024w\" sizes=\"(max-width: 300px) 100vw, 300px\" \/><\/p>\n<p style=\"text-align: left;\">La casa consta de les seg\u00fcents estances:<\/p>\n<ul style=\"text-align: left;\">\n<li>Entrada &#8211; Sala d&#8217;estar<\/li>\n<li>Menjador<\/li>\n<li>Cuina<\/li>\n<li>Lavabo a la planta de baix<\/li>\n<li>Pati<\/li>\n<li>Tres dormitoris de matrimoni<\/li>\n<li>Un dormitori triple<\/li>\n<li>Lavabo a la planta superior<\/li>\n<li>Terrassa<\/li>\n<\/ul>\n<p style=\"text-align: left;\"><img loading=\"lazy\" decoding=\"async\" class=\"alignnone size-medium wp-image-189\" src=\"https:\/\/calatrini.cat\/wp-content\/uploads\/2018\/10\/Entrada-1-300x225.jpeg\" alt=\"\" width=\"300\" height=\"225\" srcset=\"https:\/\/calatrini.cat\/wp-content\/uploads\/2018\/10\/Entrada-1-300x225.jpeg 300w, https:\/\/calatrini.cat\/wp-content\/uploads\/2018\/10\/Entrada-1-768x576.jpeg 768w, https:\/\/calatrini.cat\/wp-content\/uploads\/2018\/10\/Entrada-1-1024x768.jpeg 1024w, https:\/\/calatrini.cat\/wp-content\/uploads\/2018\/10\/Entrada-1.jpeg 2048w\" sizes=\"(max-width: 300px) 100vw, 300px\" \/><\/p>\n<p style=\"text-align: left;\">Si hi vens a passar uns dies podr\u00e0s gaudir d&#8217;aquests serveis:<\/p>\n<ul style=\"text-align: left;\">\n<li>Calefacci\u00f3<\/li>\n<li>Rentadora<\/li>\n<li>Microones<\/li>\n<li>Forn<\/li>\n<li>Rentavaixelles<\/li>\n<li>Cafetera de c\u00e0psules Nespresso<\/li>\n<li>Televisi\u00f3<\/li>\n<li>Conexi\u00f3 a internet (WiFi) gratu\u00efita<\/li>\n<\/ul>\n<p style=\"text-align: left;\">Ben a prop de la casa tamb\u00e9 podr\u00e0s gaudir de la piscina municipal a nom\u00e9s 1 km en cotxe i si t&#8217;animes et podem oferir tot tipus d&#8217;activitats relacionades amb l&#8217;enoturisme i la natura.<\/p>\n<p style=\"text-align: left;\">Deixa&#8217;t seduir pels racons amb encant de Ca La Trini i el seu entorn. No te&#8217;n penedir\u00e0s!<\/p>\n<p style=\"text-align: left;\"><img loading=\"lazy\" decoding=\"async\" class=\"alignnone size-medium wp-image-194\" src=\"https:\/\/calatrini.cat\/wp-content\/uploads\/2018\/10\/Terrat-3-300x225.jpeg\" alt=\"\" width=\"300\" height=\"225\" srcset=\"https:\/\/calatrini.cat\/wp-content\/uploads\/2018\/10\/Terrat-3-300x225.jpeg 300w, https:\/\/calatrini.cat\/wp-content\/uploads\/2018\/10\/Terrat-3-768x576.jpeg 768w, https:\/\/calatrini.cat\/wp-content\/uploads\/2018\/10\/Terrat-3-1024x768.jpeg 1024w, https:\/\/calatrini.cat\/wp-content\/uploads\/2018\/10\/Terrat-3.jpeg 2048w\" sizes=\"(max-width: 300px) 100vw, 300px\" \/><\/p>\n<p><img loading=\"lazy\" decoding=\"async\" class=\"alignnone size-medium wp-image-376\" src=\"https:\/\/calatrini.cat\/wp-content\/uploads\/2024\/03\/5F95EEDE-1D2F-4127-99B3-B65CC9C1490A-300x225.jpg\" alt=\"\" width=\"300\" height=\"225\" srcset=\"https:\/\/calatrini.cat\/wp-content\/uploads\/2024\/03\/5F95EEDE-1D2F-4127-99B3-B65CC9C1490A-300x225.jpg 300w, https:\/\/calatrini.cat\/wp-content\/uploads\/2024\/03\/5F95EEDE-1D2F-4127-99B3-B65CC9C1490A-1024x768.jpg 1024w, https:\/\/calatrini.cat\/wp-content\/uploads\/2024\/03\/5F95EEDE-1D2F-4127-99B3-B65CC9C1490A-768x576.jpg 768w, https:\/\/calatrini.cat\/wp-content\/uploads\/2024\/03\/5F95EEDE-1D2F-4127-99B3-B65CC9C1490A-1536x1152.jpg 1536w, https:\/\/calatrini.cat\/wp-content\/uploads\/2024\/03\/5F95EEDE-1D2F-4127-99B3-B65CC9C1490A.jpg 2048w\" sizes=\"(max-width: 300px) 100vw, 300px\" \/><\/p>\n<p style=\"text-align: left;\">N\u00ba de registre de la Generalitat: HUTB-038116-68<\/p>\n<p>[:es]Bienvenidos a Ca La Trini &#8211; Turismo Rural!<\/p>\n<hr \/>\n<p><strong>WiFi para nuestros clientes: Conexi\u00f3n a internet (WiFi) de 300Mbps gratuita!!<\/strong><\/p>\n<hr \/>\n<p>Ven a desconectar y rel\u00e1jate en las vi\u00f1as del Pened\u00e9s!<\/p>\n<p><strong>En Ca La Trini tenemos claro que nuestros clientes merecen disfrutar de nuestra casa rural en exclusiva y en perfectas condiciones higi\u00e9nicas. Es por ello que no se admite reservar s\u00f3lo una parte del espacio y no es posible compartir ninguna estancia con otros clientes.<\/strong><\/p>\n<p><strong>Desde el principio siempre hemos dado mucha importancia a la limpieza y ahora, m\u00e1s que nunca, hemos extremado las medidas higi\u00e9nicas con desinfectantes hidroalcoh\u00f3licos higienizantes para superficies y dejando ventilar durante un m\u00ednimo de 48 horas la casa entre la salida de unos clientes y la entrada de los pr\u00f3ximos.<\/strong><\/p>\n<p><strong>Queremos transmitir la m\u00e1xima tranquilidad a nuestros clientes y dejar claro que en ning\u00fan caso se puede reservar la casa si no han pasado 48 horas desde la salida de los clientes anteriores.<\/strong><\/p>\n<p><strong>Cuid\u00e9monos!<\/strong><\/p>\n<p style=\"text-align: left;\">Ca La Trini se construy\u00f3 hace m\u00e1s de 125 a\u00f1os y se empez\u00f3 a reformar a mediados de 2017. Est\u00e1 situada en el centro del casco antiguo de Torrelles de Foix, un peque\u00f1o municipio del Alt Pened\u00e8s situado en el valle del Foix, a 10 minutos de Vilafranca del Pened\u00e8s, que tiene un mont\u00f3n de lugares de inter\u00e9s tur\u00edstico a pocos minutos en coche: El Santuario de Santa Mar\u00eda de Foix a 10 minutos, las playas de Vilanova y Sitges a 20 minutos, Port Aventura a 45 minutos, Montserrat a 45 minutos, y tanto Barcelona como Tarragona a 50 minutos.<\/p>\n<p style=\"text-align: left;\"><img loading=\"lazy\" decoding=\"async\" class=\"alignnone size-medium wp-image-117\" src=\"https:\/\/calatrini.cat\/wp-content\/uploads\/2018\/05\/calatrini-menjador-entrada-300x225.jpg\" alt=\"\" width=\"300\" height=\"225\" srcset=\"https:\/\/calatrini.cat\/wp-content\/uploads\/2018\/05\/calatrini-menjador-entrada-300x225.jpg 300w, https:\/\/calatrini.cat\/wp-content\/uploads\/2018\/05\/calatrini-menjador-entrada-768x576.jpg 768w, https:\/\/calatrini.cat\/wp-content\/uploads\/2018\/05\/calatrini-menjador-entrada-1024x768.jpg 1024w\" sizes=\"(max-width: 300px) 100vw, 300px\" \/><\/p>\n<p>La casa consta de las siguientes estancias:<\/p>\n<ul>\n<li>Entrada &#8211; Sal\u00f3n<\/li>\n<li>Comedor<\/li>\n<li>Cocina<\/li>\n<li>Aseo en la planta de abajo<\/li>\n<li>Patio<\/li>\n<li>Tres dormitorios de matrimonio<\/li>\n<li>Un dormitorio triple<\/li>\n<li>Aseo en la planta superior<\/li>\n<li>Terraza<\/li>\n<\/ul>\n<p style=\"text-align: left;\"><img loading=\"lazy\" decoding=\"async\" class=\"alignnone size-medium wp-image-189\" src=\"https:\/\/calatrini.cat\/wp-content\/uploads\/2018\/10\/Entrada-1-300x225.jpeg\" alt=\"\" width=\"300\" height=\"225\" srcset=\"https:\/\/calatrini.cat\/wp-content\/uploads\/2018\/10\/Entrada-1-300x225.jpeg 300w, https:\/\/calatrini.cat\/wp-content\/uploads\/2018\/10\/Entrada-1-768x576.jpeg 768w, https:\/\/calatrini.cat\/wp-content\/uploads\/2018\/10\/Entrada-1-1024x768.jpeg 1024w, https:\/\/calatrini.cat\/wp-content\/uploads\/2018\/10\/Entrada-1.jpeg 2048w\" sizes=\"(max-width: 300px) 100vw, 300px\" \/><\/p>\n<p>Si vienes a pasar unos d\u00edas podr\u00e1s disfrutar de estos servicios:<\/p>\n<ul>\n<li>Calefacci\u00f3n<\/li>\n<li>Lavadora<\/li>\n<li>Microondas<\/li>\n<li>Horno<\/li>\n<li>Lavavajillas<\/li>\n<li>Cafetera de c\u00e1psulas Nespresso<\/li>\n<li>Televisi\u00f3n<\/li>\n<li>Conexi\u00f3n a internet (WiFi) gratuita<\/li>\n<\/ul>\n<p>Muy cerca de la casa tambi\u00e9n podr\u00e1s disfrutar de la piscina municipal a 1 km en coche y si te animas te podemos ofrecer todo tipo de actividades relacionadas con el enoturismo y la naturaleza.<\/p>\n<p style=\"text-align: left;\">D\u00e9jate seducir por los rincones con encanto de Ca La Trini y su entorno. No te vas a arrepentir!<\/p>\n<p style=\"text-align: left;\"><img loading=\"lazy\" decoding=\"async\" class=\"alignnone size-medium wp-image-194\" src=\"https:\/\/calatrini.cat\/wp-content\/uploads\/2018\/10\/Terrat-3-300x225.jpeg\" alt=\"\" width=\"300\" height=\"225\" srcset=\"https:\/\/calatrini.cat\/wp-content\/uploads\/2018\/10\/Terrat-3-300x225.jpeg 300w, https:\/\/calatrini.cat\/wp-content\/uploads\/2018\/10\/Terrat-3-768x576.jpeg 768w, https:\/\/calatrini.cat\/wp-content\/uploads\/2018\/10\/Terrat-3-1024x768.jpeg 1024w, https:\/\/calatrini.cat\/wp-content\/uploads\/2018\/10\/Terrat-3.jpeg 2048w\" sizes=\"(max-width: 300px) 100vw, 300px\" \/><\/p>\n<p><img loading=\"lazy\" decoding=\"async\" class=\"alignnone size-medium wp-image-376\" src=\"https:\/\/calatrini.cat\/wp-content\/uploads\/2024\/03\/5F95EEDE-1D2F-4127-99B3-B65CC9C1490A-300x225.jpg\" alt=\"\" width=\"300\" height=\"225\" srcset=\"https:\/\/calatrini.cat\/wp-content\/uploads\/2024\/03\/5F95EEDE-1D2F-4127-99B3-B65CC9C1490A-300x225.jpg 300w, https:\/\/calatrini.cat\/wp-content\/uploads\/2024\/03\/5F95EEDE-1D2F-4127-99B3-B65CC9C1490A-1024x768.jpg 1024w, https:\/\/calatrini.cat\/wp-content\/uploads\/2024\/03\/5F95EEDE-1D2F-4127-99B3-B65CC9C1490A-768x576.jpg 768w, https:\/\/calatrini.cat\/wp-content\/uploads\/2024\/03\/5F95EEDE-1D2F-4127-99B3-B65CC9C1490A-1536x1152.jpg 1536w, https:\/\/calatrini.cat\/wp-content\/uploads\/2024\/03\/5F95EEDE-1D2F-4127-99B3-B65CC9C1490A.jpg 2048w\" sizes=\"(max-width: 300px) 100vw, 300px\" \/><\/p>\n<p>N\u00ba de registre de la Generalitat: HUTB-038116-68<\/p>\n<p>[:en]Welcome to Ca La Trini &#8211; Country House Lodge!<\/p>\n<hr \/>\n<p><strong>WiFi for our guests: Free 300Mbps internet connection (WiFi)!!<\/strong><\/p>\n<hr \/>\n<p>Come to disconnect and relax in the vineyards of Pened\u00e8s!<\/p>\n<p><strong>At Ca La Trini we firmly believe that our customers deserve to enjoy our country house\u00a0 <\/strong><strong>in exclusivity and in perfect hygienic conditions. That&#8217;s why it is not allowed to book only a part of the house and it is not possible to share any room with other guests.<\/strong><\/p>\n<p><strong>From the beginning we have always given a lot of importance to housekeeping and now, more than ever, we have extreme hygienic measures with sanitizing hydroalcoholic disinfectants for surfaces and letting the house ventilate for a minimum of 48 hours between the departure of some customers and the entry of the next ones.<\/strong><\/p>\n<p><strong>We want to convey maximum peace of mind to our customers and make it clear that it is not possible to book the house until 48 hours after the departure of previous customers.<\/strong><\/p>\n<p><strong>Let&#8217;s take care of ourselves!<\/strong><\/p>\n<p>Ca La Trini was built over 125 years ago and began to be renovated in the middle of 2017. It is located in the middle of the old town of Torrelles de Foix, a small town of Alt Pened\u00e8s located in the Foix Valley, 10 minutes far from Vilafranca del Pened\u00e8s, which has a lot of tourist attractions within a few minutes by car: The Sanctuary of Santa Maria de Foix at 10 minutes, the beaches of Vilanova and Sitges at 20 minutes, Port Aventura at 45 minutes, Montserrat 45 minutes, and Barcelona and Tarragona 50 minutes away.<\/p>\n<p><img loading=\"lazy\" decoding=\"async\" class=\"alignnone size-medium wp-image-117\" src=\"https:\/\/calatrini.cat\/wp-content\/uploads\/2018\/05\/calatrini-menjador-entrada-300x225.jpg\" alt=\"\" width=\"300\" height=\"225\" srcset=\"https:\/\/calatrini.cat\/wp-content\/uploads\/2018\/05\/calatrini-menjador-entrada-300x225.jpg 300w, https:\/\/calatrini.cat\/wp-content\/uploads\/2018\/05\/calatrini-menjador-entrada-768x576.jpg 768w, https:\/\/calatrini.cat\/wp-content\/uploads\/2018\/05\/calatrini-menjador-entrada-1024x768.jpg 1024w\" sizes=\"(max-width: 300px) 100vw, 300px\" \/><\/p>\n<p>The house consists of the following rooms:<\/p>\n<ul>\n<li>Entrance &#8211; Living room<\/li>\n<li>Dining room<\/li>\n<li>Kitchen<\/li>\n<li>Toilet on the ground floor<\/li>\n<li>Courtyard<\/li>\n<li>Three double bedrooms<\/li>\n<li>A triple bedroom<\/li>\n<li>Toilet on the first floor<\/li>\n<li>Terrace<\/li>\n<\/ul>\n<p><img loading=\"lazy\" decoding=\"async\" class=\"alignnone size-medium wp-image-189\" src=\"https:\/\/calatrini.cat\/wp-content\/uploads\/2018\/10\/Entrada-1-300x225.jpeg\" alt=\"\" width=\"300\" height=\"225\" srcset=\"https:\/\/calatrini.cat\/wp-content\/uploads\/2018\/10\/Entrada-1-300x225.jpeg 300w, https:\/\/calatrini.cat\/wp-content\/uploads\/2018\/10\/Entrada-1-768x576.jpeg 768w, https:\/\/calatrini.cat\/wp-content\/uploads\/2018\/10\/Entrada-1-1024x768.jpeg 1024w, https:\/\/calatrini.cat\/wp-content\/uploads\/2018\/10\/Entrada-1.jpeg 2048w\" sizes=\"(max-width: 300px) 100vw, 300px\" \/><\/p>\n<p>If you come to spend a few days with us you can enjoy these services:<\/p>\n<ul>\n<li>Heating<\/li>\n<li>Washing machine<\/li>\n<li>Microwave<\/li>\n<li>Oven<\/li>\n<li>Dishwasher<\/li>\n<li>Nespresso Coffee Machine<\/li>\n<li>Television<\/li>\n<li>Free internet connection (WiFi)<\/li>\n<\/ul>\n<p>Very close to the house you can also enjoy the municipal swimming pool only 1 km away by car and if you like we can offer you all kinds of activities related to wine tourism and nature.<\/p>\n<p>Let yourself be seduced by the charming corners of Ca La Trini and its surroundings. You won&#8217;t regret it!<\/p>\n<p><img loading=\"lazy\" decoding=\"async\" class=\"alignnone size-medium wp-image-194\" src=\"https:\/\/calatrini.cat\/wp-content\/uploads\/2018\/10\/Terrat-3-300x225.jpeg\" alt=\"\" width=\"300\" height=\"225\" srcset=\"https:\/\/calatrini.cat\/wp-content\/uploads\/2018\/10\/Terrat-3-300x225.jpeg 300w, https:\/\/calatrini.cat\/wp-content\/uploads\/2018\/10\/Terrat-3-768x576.jpeg 768w, https:\/\/calatrini.cat\/wp-content\/uploads\/2018\/10\/Terrat-3-1024x768.jpeg 1024w, https:\/\/calatrini.cat\/wp-content\/uploads\/2018\/10\/Terrat-3.jpeg 2048w\" sizes=\"(max-width: 300px) 100vw, 300px\" \/><\/p>\n<p><img loading=\"lazy\" decoding=\"async\" class=\"alignnone size-medium wp-image-376\" src=\"https:\/\/calatrini.cat\/wp-content\/uploads\/2024\/03\/5F95EEDE-1D2F-4127-99B3-B65CC9C1490A-300x225.jpg\" alt=\"\" width=\"300\" height=\"225\" srcset=\"https:\/\/calatrini.cat\/wp-content\/uploads\/2024\/03\/5F95EEDE-1D2F-4127-99B3-B65CC9C1490A-300x225.jpg 300w, https:\/\/calatrini.cat\/wp-content\/uploads\/2024\/03\/5F95EEDE-1D2F-4127-99B3-B65CC9C1490A-1024x768.jpg 1024w, https:\/\/calatrini.cat\/wp-content\/uploads\/2024\/03\/5F95EEDE-1D2F-4127-99B3-B65CC9C1490A-768x576.jpg 768w, https:\/\/calatrini.cat\/wp-content\/uploads\/2024\/03\/5F95EEDE-1D2F-4127-99B3-B65CC9C1490A-1536x1152.jpg 1536w, https:\/\/calatrini.cat\/wp-content\/uploads\/2024\/03\/5F95EEDE-1D2F-4127-99B3-B65CC9C1490A.jpg 2048w\" sizes=\"(max-width: 300px) 100vw, 300px\" \/><\/p>\n<p>N\u00ba de registre de la Generalitat: HUTB-038116-68[:]<\/p>\n","protected":false},"excerpt":{"rendered":"<p>[:ca] Benvingut a Ca La Trini &#8211; Turisme Rural! WiFi pels nostres clients: Connexi\u00f3 a internet (WiFi) de 300Mbps gratu\u00efta! Vine a desconnectar i relaxa&#8217;t a les vinyes del Pened\u00e8s! A Ca La Trini tenim clar que els nostres clients mereixen gaudir de la nostra casa rural en exclusiva i en perfectes condicions higi\u00e8niques. \u00c9s [&hellip;]<\/p>\n","protected":false},"author":1,"featured_media":0,"parent":0,"menu_order":0,"comment_status":"closed","ping_status":"open","template":"","meta":{"footnotes":""},"_links":{"self":[{"href":"https:\/\/calatrini.cat\/index.php\/wp-json\/wp\/v2\/pages\/2"}],"collection":[{"href":"https:\/\/calatrini.cat\/index.php\/wp-json\/wp\/v2\/pages"}],"about":[{"href":"https:\/\/calatrini.cat\/index.php\/wp-json\/wp\/v2\/types\/page"}],"author":[{"embeddable":true,"href":"https:\/\/calatrini.cat\/index.php\/wp-json\/wp\/v2\/users\/1"}],"replies":[{"embeddable":true,"href":"https:\/\/calatrini.cat\/index.php\/wp-json\/wp\/v2\/comments?post=2"}],"version-history":[{"count":36,"href":"https:\/\/calatrini.cat\/index.php\/wp-json\/wp\/v2\/pages\/2\/revisions"}],"predecessor-version":[{"id":382,"href":"https:\/\/calatrini.cat\/index.php\/wp-json\/wp\/v2\/pages\/2\/revisions\/382"}],"wp:attachment":[{"href":"https:\/\/calatrini.cat\/index.php\/wp-json\/wp\/v2\/media?parent=2"}],"curies":[{"name":"wp","href":"https:\/\/api.w.org\/{rel}","templated":true}]}}